{"id":110,"date":"2016-09-26T12:41:45","date_gmt":"2016-09-26T10:41:45","guid":{"rendered":"http:\/\/coima.pl\/kontakt\/"},"modified":"2021-02-24T13:02:57","modified_gmt":"2021-02-24T12:02:57","slug":"contact","status":"publish","type":"page","link":"https:\/\/coima.pl\/en\/contact\/","title":{"rendered":"Contact"},"content":{"rendered":"<p><strong>Coima s.c.<\/strong><br \/>\n\u015arednia 3 (second floor)<br \/>\n41-800 Zabrze<br \/>\nPOLAND<br \/>\ninfo@coima.pl<\/p>\n<p>NIP: 6482784605<br \/>\nREGON: 368328215<\/p>\n","protected":false},"excerpt":{"rendered":"<p>Coima s.c. \u015arednia 3 (second floor) 41-800 Zabrze POLAND info@coima.pl NIP: 6482784605 REGON: 368328215<\/p>\n","protected":false},"author":1,"featured_media":0,"parent":0,"menu_order":0,"comment_status":"closed","ping_status":"closed","template":"template-contact.php","meta":{"_acf_changed":false,"footnotes":""},"acf":[],"yoast_head":"<!-- This site is optimized with the Yoast SEO plugin v20.4 - https:\/\/yoast.com\/wordpress\/plugins\/seo\/ -->\n<title>Contact - Coima<\/title>\n<meta name=\"robots\" content=\"index, follow, max-snippet:-1, max-image-preview:large, max-video-preview:-1\" \/>\n<link rel=\"canonical\" href=\"https:\/\/coima.pl\/en\/contact\/\" \/>\n<meta property=\"og:locale\" content=\"en_US\" \/>\n<meta property=\"og:type\" content=\"article\" \/>\n<meta property=\"og:title\" content=\"Contact - Coima\" \/>\n<meta property=\"og:description\" content=\"Coima s.c. \u015arednia 3 (second floor) 41-800 Zabrze POLAND info@coima.pl NIP: 6482784605 REGON: 368328215\" \/>\n<meta property=\"og:url\" content=\"https:\/\/coima.pl\/en\/contact\/\" \/>\n<meta property=\"og:site_name\" content=\"Coima\" \/>\n<meta property=\"article:modified_time\" content=\"2021-02-24T12:02:57+00:00\" \/>\n<meta name=\"twitter:card\" content=\"summary_large_image\" \/>\n<meta name=\"twitter:label1\" content=\"Est. reading time\" \/>\n\t<meta name=\"twitter:data1\" content=\"1 minute\" \/>\n<script type=\"application\/ld+json\" class=\"yoast-schema-graph\">{\"@context\":\"https:\/\/schema.org\",\"@graph\":[{\"@type\":\"WebPage\",\"@id\":\"https:\/\/coima.pl\/en\/contact\/\",\"url\":\"https:\/\/coima.pl\/en\/contact\/\",\"name\":\"Contact - Coima\",\"isPartOf\":{\"@id\":\"https:\/\/coima.pl\/#website\"},\"datePublished\":\"2016-09-26T10:41:45+00:00\",\"dateModified\":\"2021-02-24T12:02:57+00:00\",\"breadcrumb\":{\"@id\":\"https:\/\/coima.pl\/en\/contact\/#breadcrumb\"},\"inLanguage\":\"en-US\",\"potentialAction\":[{\"@type\":\"ReadAction\",\"target\":[\"https:\/\/coima.pl\/en\/contact\/\"]}]},{\"@type\":\"BreadcrumbList\",\"@id\":\"https:\/\/coima.pl\/en\/contact\/#breadcrumb\",\"itemListElement\":[{\"@type\":\"ListItem\",\"position\":1,\"name\":\"Home\",\"item\":\"https:\/\/coima.pl\/en\/\"},{\"@type\":\"ListItem\",\"position\":2,\"name\":\"Contact\"}]},{\"@type\":\"WebSite\",\"@id\":\"https:\/\/coima.pl\/#website\",\"url\":\"https:\/\/coima.pl\/\",\"name\":\"Coima\",\"description\":\"Firma Coima utworzona w 2017 roku jest odpowiedzi\u0105 na potrzeby zagranicznych dostawc\u00f3w rozwi\u0105za\u0144 informatycznych.\",\"potentialAction\":[{\"@type\":\"SearchAction\",\"target\":{\"@type\":\"EntryPoint\",\"urlTemplate\":\"https:\/\/coima.pl\/?s={search_term_string}\"},\"query-input\":\"required name=search_term_string\"}],\"inLanguage\":\"en-US\"}]}<\/script>\n<!-- \/ Yoast SEO plugin. -->","yoast_head_json":{"title":"Contact - Coima","robots":{"index":"index","follow":"follow","max-snippet":"max-snippet:-1","max-image-preview":"max-image-preview:large","max-video-preview":"max-video-preview:-1"},"canonical":"https:\/\/coima.pl\/en\/contact\/","og_locale":"en_US","og_type":"article","og_title":"Contact - Coima","og_description":"Coima s.c. \u015arednia 3 (second floor) 41-800 Zabrze POLAND info@coima.pl NIP: 6482784605 REGON: 368328215","og_url":"https:\/\/coima.pl\/en\/contact\/","og_site_name":"Coima","article_modified_time":"2021-02-24T12:02:57+00:00","twitter_card":"summary_large_image","twitter_misc":{"Est. reading time":"1 minute"},"schema":{"@context":"https:\/\/schema.org","@graph":[{"@type":"WebPage","@id":"https:\/\/coima.pl\/en\/contact\/","url":"https:\/\/coima.pl\/en\/contact\/","name":"Contact - Coima","isPartOf":{"@id":"https:\/\/coima.pl\/#website"},"datePublished":"2016-09-26T10:41:45+00:00","dateModified":"2021-02-24T12:02:57+00:00","breadcrumb":{"@id":"https:\/\/coima.pl\/en\/contact\/#breadcrumb"},"inLanguage":"en-US","potentialAction":[{"@type":"ReadAction","target":["https:\/\/coima.pl\/en\/contact\/"]}]},{"@type":"BreadcrumbList","@id":"https:\/\/coima.pl\/en\/contact\/#breadcrumb","itemListElement":[{"@type":"ListItem","position":1,"name":"Home","item":"https:\/\/coima.pl\/en\/"},{"@type":"ListItem","position":2,"name":"Contact"}]},{"@type":"WebSite","@id":"https:\/\/coima.pl\/#website","url":"https:\/\/coima.pl\/","name":"Coima","description":"Firma Coima utworzona w 2017 roku jest odpowiedzi\u0105 na potrzeby zagranicznych dostawc\u00f3w rozwi\u0105za\u0144 informatycznych.","potentialAction":[{"@type":"SearchAction","target":{"@type":"EntryPoint","urlTemplate":"https:\/\/coima.pl\/?s={search_term_string}"},"query-input":"required name=search_term_string"}],"inLanguage":"en-US"}]}},"_links":{"self":[{"href":"https:\/\/coima.pl\/en\/wp-json\/wp\/v2\/pages\/110\/"}],"collection":[{"href":"https:\/\/coima.pl\/en\/wp-json\/wp\/v2\/pages\/"}],"about":[{"href":"https:\/\/coima.pl\/en\/wp-json\/wp\/v2\/types\/page\/"}],"author":[{"embeddable":true,"href":"https:\/\/coima.pl\/en\/wp-json\/wp\/v2\/users\/1\/"}],"replies":[{"embeddable":true,"href":"https:\/\/coima.pl\/en\/wp-json\/wp\/v2\/comments\/?post=110"}],"version-history":[{"count":10,"href":"https:\/\/coima.pl\/en\/wp-json\/wp\/v2\/pages\/110\/revisions\/"}],"predecessor-version":[{"id":2433,"href":"https:\/\/coima.pl\/en\/wp-json\/wp\/v2\/pages\/110\/revisions\/2433\/"}],"wp:attachment":[{"href":"https:\/\/coima.pl\/en\/wp-json\/wp\/v2\/media\/?parent=110"}],"curies":[{"name":"wp","href":"https:\/\/api.w.org\/{rel}","templated":true}]}}